{"id":1235,"date":"2018-12-14T21:43:56","date_gmt":"2018-12-14T20:43:56","guid":{"rendered":"http:\/\/vpu.atomproductions.at\/?page_id=1235"},"modified":"2021-12-09T15:06:16","modified_gmt":"2021-12-09T14:06:16","slug":"auszeichnungen","status":"publish","type":"page","link":"https:\/\/www.vertessi.com\/de\/ueber-uns\/auszeichnungen\/","title":{"rendered":"Auszeichnungen"},"content":{"rendered":"<div id=\"attachment_2381\" style=\"width: 1034px\" class=\"wp-caption aligncenter\"><img loading=\"lazy\" decoding=\"async\" aria-describedby=\"caption-attachment-2381\" class=\"wp-image-2381 size-large\" src=\"https:\/\/www.vertessi.com\/wp-content\/uploads\/2019\/02\/VERA-PURE-with-chef-Gabriel-Kreuther-New-York-\u00a9Faruk-Pinjo-1024x682.jpg\" alt=\"\" width=\"1024\" height=\"682\" srcset=\"https:\/\/www.vertessi.com\/wp-content\/uploads\/2019\/02\/VERA-PURE-with-chef-Gabriel-Kreuther-New-York-\u00a9Faruk-Pinjo-1024x682.jpg 1024w, https:\/\/www.vertessi.com\/wp-content\/uploads\/2019\/02\/VERA-PURE-with-chef-Gabriel-Kreuther-New-York-\u00a9Faruk-Pinjo-300x200.jpg 300w, https:\/\/www.vertessi.com\/wp-content\/uploads\/2019\/02\/VERA-PURE-with-chef-Gabriel-Kreuther-New-York-\u00a9Faruk-Pinjo-768x512.jpg 768w, https:\/\/www.vertessi.com\/wp-content\/uploads\/2019\/02\/VERA-PURE-with-chef-Gabriel-Kreuther-New-York-\u00a9Faruk-Pinjo-1320x880.jpg 1320w, https:\/\/www.vertessi.com\/wp-content\/uploads\/2019\/02\/VERA-PURE-with-chef-Gabriel-Kreuther-New-York-\u00a9Faruk-Pinjo-600x400.jpg 600w, https:\/\/www.vertessi.com\/wp-content\/uploads\/2019\/02\/VERA-PURE-with-chef-Gabriel-Kreuther-New-York-\u00a9Faruk-Pinjo-1800x1200.jpg 1800w, https:\/\/www.vertessi.com\/wp-content\/uploads\/2019\/02\/VERA-PURE-with-chef-Gabriel-Kreuther-New-York-\u00a9Faruk-Pinjo.jpg 2000w\" sizes=\"auto, (max-width: 1024px) 100vw, 1024px\" \/><p id=\"caption-attachment-2381\" class=\"wp-caption-text\">Vera and Gio Purtscher with chef Gabriel Kreuther at his eponymous restaurant in Manhattan | \u00a9Faruk Pinjo<\/p><\/div>\n<blockquote><p>\u201eI wanted to use Vera\u2019s silverware. I am looking for something unusual, something different, for something fun for the guests, for something fun for the chefs, for something fun for the kitchen. I thought it was a great, great idea; a great way of interacting with the guest, a great way of presenting something for the guest. It is an icebreaker, a conversation piece at the table. It\u2019s fun for them. It goes around the table. They are tasting each other\u2019s food.\u201d<\/p>\n<p>Gabriel Kreuther, chef and owner at the Gabriel Kreuther restaurant, New York<\/p><\/blockquote>\n<div class=\"brlbs-cmpnt-container brlbs-cmpnt-content-blocker brlbs-cmpnt-with-individual-styles\" data-borlabs-cookie-content-blocker-id=\"youtube-content-blocker\" data-borlabs-cookie-content=\"PGlmcmFtZSB0aXRsZT0iU2luU3RlbGxhLCB0aGUgbmV3IEFydCBvZiBHbGFtb3JvdXMgRHJpbmtpbmcgYnkgVmVyYSBQdXJlIHdpdGggQ2hlZiBHYWJyaWVsIEtyZXV0aGVyIiB3aWR0aD0iNTAwIiBoZWlnaHQ9IjI4MSIgc3JjPSJodHRwczovL3d3dy55b3V0dWJlLW5vY29va2llLmNvbS9lbWJlZC9qWmxPcUpLUEdndz9mZWF0dXJlPW9lbWJlZCIgZnJhbWVib3JkZXI9IjAiIGFsbG93PSJhY2NlbGVyb21ldGVyOyBhdXRvcGxheTsgY2xpcGJvYXJkLXdyaXRlOyBlbmNyeXB0ZWQtbWVkaWE7IGd5cm9zY29wZTsgcGljdHVyZS1pbi1waWN0dXJlOyB3ZWItc2hhcmUiIHJlZmVycmVycG9saWN5PSJzdHJpY3Qtb3JpZ2luLXdoZW4tY3Jvc3Mtb3JpZ2luIiBhbGxvd2Z1bGxzY3JlZW4+PC9pZnJhbWU+\">\n<div class=\"brlbs-cmpnt-cb-preset-c brlbs-cmpnt-cb-youtube\">\n<div class=\"brlbs-cmpnt-cb-thumbnail\" style=\"background-image: url('https:\/\/www.vertessi.com\/wp-content\/uploads\/borlabs-cookie\/1\/yt_jZlOqJKPGgw_hqdefault.jpg')\"><\/div>\n<div class=\"brlbs-cmpnt-cb-main\">\n<div class=\"brlbs-cmpnt-cb-play-button\"><\/div>\n<div class=\"brlbs-cmpnt-cb-content\">\n<p class=\"brlbs-cmpnt-cb-description\">Sie sehen gerade einen Platzhalterinhalt von <strong>YouTube<\/strong>. Um auf den eigentlichen Inhalt zuzugreifen, klicken Sie auf die Schaltfl\u00e4che unten. Bitte beachten Sie, dass dabei Daten an Drittanbieter weitergegeben werden.<\/p>\n<p> <a class=\"brlbs-cmpnt-cb-provider-toggle\" href=\"#\" data-borlabs-cookie-show-provider-information role=\"button\">Mehr Informationen<\/a> <\/div>\n<div class=\"brlbs-cmpnt-cb-buttons\"> <a class=\"brlbs-cmpnt-cb-btn\" href=\"#\" data-borlabs-cookie-unblock role=\"button\">Inhalt entsperren<\/a> <a class=\"brlbs-cmpnt-cb-btn\" href=\"#\" data-borlabs-cookie-accept-service role=\"button\" style=\"display: inherit\">Erforderlichen Service akzeptieren und Inhalte entsperren<\/a> <\/div>\n<\/p><\/div>\n<\/p><\/div>\n<\/div>\n<blockquote><p>\u201eIch bin aufgewachsen in den \u00d6sterreichischen Alpen; die Natur stellte immer eine tiefe Inspiration f\u00fcr mich und meine Gerichte dar! Veras Entw\u00fcrfe teilen diese Philosophie, dass die Natur der h\u00f6chste Lehrmeister ist. Ihre Besteckserie MoonLashes ist umgekehrt auch eine einzigartige Inspiration f\u00fcr meine kulinarischen Kreationen. Wenn ich neue Gerichte kreiere, liegt mein Fokus vollst\u00e4ndig darauf, meinen G\u00e4sten Freude zu bereiten: ein Genuss f\u00fcr alle Sinne. Es soll ein beeindruckender, nachhaltiger, fast s\u00fcchtig machender Geschmack sein. Die Designs von Vera passen perfekt dazu, denn sie folgt derselben &#8222;sinnlichen&#8220; Herangehensweise, um das bestm\u00f6gliche Resultat zu erreichen und unterst\u00fctzt so mein Ziel am besten!\u201d<\/p>\n<p>Dieter Koshina, Chefkoch der Vila Joya in&nbsp;Albufeira, Portugal<\/p><\/blockquote>\n<div id=\"attachment_2050\" style=\"width: 1034px\" class=\"wp-caption aligncenter\"><img loading=\"lazy\" decoding=\"async\" aria-describedby=\"caption-attachment-2050\" class=\"wp-image-2050 size-large\" src=\"https:\/\/www.vertessi.com\/wp-content\/uploads\/2019\/01\/VERA-PURE-Testimonial-chef-Dieter-Koschina-1024x684.jpg\" alt=\"Vila Joya dessert \" width=\"1024\" height=\"684\" srcset=\"https:\/\/www.vertessi.com\/wp-content\/uploads\/2019\/01\/VERA-PURE-Testimonial-chef-Dieter-Koschina-1024x684.jpg 1024w, https:\/\/www.vertessi.com\/wp-content\/uploads\/2019\/01\/VERA-PURE-Testimonial-chef-Dieter-Koschina-300x200.jpg 300w, https:\/\/www.vertessi.com\/wp-content\/uploads\/2019\/01\/VERA-PURE-Testimonial-chef-Dieter-Koschina-768x513.jpg 768w, https:\/\/www.vertessi.com\/wp-content\/uploads\/2019\/01\/VERA-PURE-Testimonial-chef-Dieter-Koschina-1320x882.jpg 1320w, https:\/\/www.vertessi.com\/wp-content\/uploads\/2019\/01\/VERA-PURE-Testimonial-chef-Dieter-Koschina-600x401.jpg 600w, https:\/\/www.vertessi.com\/wp-content\/uploads\/2019\/01\/VERA-PURE-Testimonial-chef-Dieter-Koschina-1800x1202.jpg 1800w\" sizes=\"auto, (max-width: 1024px) 100vw, 1024px\" \/><p id=\"caption-attachment-2050\" class=\"wp-caption-text\">Dessert by chef Dieter Koschina served with MoonLashes silverware at the Vila Joya in Algarve, Portugal \u00a9Vila Joya<\/p><\/div>\n<blockquote><p>&#8222;Dear Vera, Thank you for sending your cutlery series, it&#8217;s a pleasure to work with! So beautiful ergonomic and well balanced \u2013 true pieces of art!&#8220;<\/p>\n<p>Titti Qvarnstr\u00f6m, Chef at Bloom Restaurant in the Park in Malm\u00f6, Sweden<\/p><\/blockquote>\n<blockquote><p>&#8222;Liebe Frau Purtscher; sch\u00f6n von Ihnen zu h\u00f6ren. Das Besteck ist absolut TOP und macht nicht nur uns Freude.&#8220;<\/p>\n<p>Urs Achermann, Chef at Swiss Re Centre for Global Dialogue in Z\u00fcrich, Switzerland<\/p><\/blockquote>\n<blockquote><p>&#8222;Sehr geehrte Frau Purtscher,<br \/>\nich bin begeistert von Ihren Kreationen. Eine ganz neue Formensprache, die mir sehr gef\u00e4llt. Im Internet konnte ich mich dar\u00fcber informieren und die Idee Sektgl\u00e4ser in Glasskulpturen zu pr\u00e4sentieren finde ich genial, etwas \u00e4hnliches habe ich vorher nicht gesehen. Wie sch\u00f6n, die Einheit von Kunst und Leben.&#8220;<\/p>\n<p class=\"p1\">Gasch-Muche Josepha, Artist from Alfeld, Germany<\/p>\n<\/blockquote>\n","protected":false},"excerpt":{"rendered":"<p>\u201eI wanted to use Vera\u2019s silverware. I am looking for something unusual, something different, for something fun for the guests, for something fun for the chefs, for something fun for the kitchen. I thought it was a great, great idea; a great way of interacting with the guest, a great way of presenting something for [&hellip;]<\/p>\n","protected":false},"author":1,"featured_media":1924,"parent":14,"menu_order":81,"comment_status":"closed","ping_status":"closed","template":"","meta":{"_acf_changed":false,"footnotes":""},"class_list":["post-1235","page","type-page","status-publish","has-post-thumbnail","hentry"],"acf":[],"yoast_head":"<!-- This site is optimized with the Yoast SEO plugin v26.3 - https:\/\/yoast.com\/wordpress\/plugins\/seo\/ -->\n<title>Auszeichnungen - Vertessi - Edles Besteck &amp; extravagante Gl\u00e4ser<\/title>\n<meta name=\"robots\" content=\"index, follow, max-snippet:-1, max-image-preview:large, max-video-preview:-1\" \/>\n<link rel=\"canonical\" href=\"https:\/\/www.vertessi.com\/de\/ueber-uns\/auszeichnungen\/\" \/>\n<meta property=\"og:locale\" content=\"de_DE\" \/>\n<meta property=\"og:type\" content=\"article\" \/>\n<meta property=\"og:title\" content=\"Auszeichnungen - Vertessi - Edles Besteck &amp; extravagante Gl\u00e4ser\" \/>\n<meta property=\"og:description\" content=\"\u201eI wanted to use Vera\u2019s silverware. I am looking for something unusual, something different, for something fun for the guests, for something fun for the chefs, for something fun for the kitchen. I thought it was a great, great idea; a great way of interacting with the guest, a great way of presenting something for [&hellip;]\" \/>\n<meta property=\"og:url\" content=\"https:\/\/www.vertessi.com\/de\/ueber-uns\/auszeichnungen\/\" \/>\n<meta property=\"og:site_name\" content=\"Vertessi - Edles Besteck &amp; extravagante Gl\u00e4ser\" \/>\n<meta property=\"article:modified_time\" content=\"2021-12-09T14:06:16+00:00\" \/>\n<meta property=\"og:image\" content=\"https:\/\/www.vertessi.com\/wp-content\/uploads\/2019\/01\/Vera-und-Gabriel-in-Diskussion-9K8A1959-Edit.jpg\" \/>\n\t<meta property=\"og:image:width\" content=\"2000\" \/>\n\t<meta property=\"og:image:height\" content=\"2000\" \/>\n\t<meta property=\"og:image:type\" content=\"image\/jpeg\" \/>\n<meta name=\"twitter:card\" content=\"summary_large_image\" \/>\n<meta name=\"twitter:label1\" content=\"Gesch\u00e4tzte Lesezeit\" \/>\n\t<meta name=\"twitter:data1\" content=\"3\u00a0Minuten\" \/>\n<script type=\"application\/ld+json\" class=\"yoast-schema-graph\">{\"@context\":\"https:\/\/schema.org\",\"@graph\":[{\"@type\":\"WebPage\",\"@id\":\"https:\/\/www.vertessi.com\/de\/ueber-uns\/auszeichnungen\/\",\"url\":\"https:\/\/www.vertessi.com\/de\/ueber-uns\/auszeichnungen\/\",\"name\":\"Auszeichnungen - Vertessi - Edles Besteck & extravagante Gl\u00e4ser\",\"isPartOf\":{\"@id\":\"https:\/\/www.vertessi.com\/en\/#website\"},\"primaryImageOfPage\":{\"@id\":\"https:\/\/www.vertessi.com\/de\/ueber-uns\/auszeichnungen\/#primaryimage\"},\"image\":{\"@id\":\"https:\/\/www.vertessi.com\/de\/ueber-uns\/auszeichnungen\/#primaryimage\"},\"thumbnailUrl\":\"https:\/\/www.vertessi.com\/wp-content\/uploads\/2019\/01\/Vera-und-Gabriel-in-Diskussion-9K8A1959-Edit.jpg\",\"datePublished\":\"2018-12-14T20:43:56+00:00\",\"dateModified\":\"2021-12-09T14:06:16+00:00\",\"breadcrumb\":{\"@id\":\"https:\/\/www.vertessi.com\/de\/ueber-uns\/auszeichnungen\/#breadcrumb\"},\"inLanguage\":\"de\",\"potentialAction\":[{\"@type\":\"ReadAction\",\"target\":[\"https:\/\/www.vertessi.com\/de\/ueber-uns\/auszeichnungen\/\"]}]},{\"@type\":\"ImageObject\",\"inLanguage\":\"de\",\"@id\":\"https:\/\/www.vertessi.com\/de\/ueber-uns\/auszeichnungen\/#primaryimage\",\"url\":\"https:\/\/www.vertessi.com\/wp-content\/uploads\/2019\/01\/Vera-und-Gabriel-in-Diskussion-9K8A1959-Edit.jpg\",\"contentUrl\":\"https:\/\/www.vertessi.com\/wp-content\/uploads\/2019\/01\/Vera-und-Gabriel-in-Diskussion-9K8A1959-Edit.jpg\",\"width\":2000,\"height\":2000},{\"@type\":\"BreadcrumbList\",\"@id\":\"https:\/\/www.vertessi.com\/de\/ueber-uns\/auszeichnungen\/#breadcrumb\",\"itemListElement\":[{\"@type\":\"ListItem\",\"position\":1,\"name\":\"Startseite\",\"item\":\"https:\/\/www.vertessi.com\/de\/\"},{\"@type\":\"ListItem\",\"position\":2,\"name\":\"\u00dcber uns\",\"item\":\"https:\/\/www.vertessi.com\/de\/ueber-uns\/\"},{\"@type\":\"ListItem\",\"position\":3,\"name\":\"Auszeichnungen\"}]},{\"@type\":\"WebSite\",\"@id\":\"https:\/\/www.vertessi.com\/en\/#website\",\"url\":\"https:\/\/www.vertessi.com\/en\/\",\"name\":\"Vertessi - Edles Besteck & extravagante Gl\u00e4ser\",\"description\":\"\",\"publisher\":{\"@id\":\"https:\/\/www.vertessi.com\/en\/#organization\"},\"potentialAction\":[{\"@type\":\"SearchAction\",\"target\":{\"@type\":\"EntryPoint\",\"urlTemplate\":\"https:\/\/www.vertessi.com\/en\/?s={search_term_string}\"},\"query-input\":{\"@type\":\"PropertyValueSpecification\",\"valueRequired\":true,\"valueName\":\"search_term_string\"}}],\"inLanguage\":\"de\"},{\"@type\":\"Organization\",\"@id\":\"https:\/\/www.vertessi.com\/en\/#organization\",\"name\":\"Vertessi\",\"url\":\"https:\/\/www.vertessi.com\/en\/\",\"logo\":{\"@type\":\"ImageObject\",\"inLanguage\":\"de\",\"@id\":\"https:\/\/www.vertessi.com\/en\/#\/schema\/logo\/image\/\",\"url\":\"https:\/\/www.vertessi.com\/wp-content\/uploads\/2018\/11\/verapure.png\",\"contentUrl\":\"https:\/\/www.vertessi.com\/wp-content\/uploads\/2018\/11\/verapure.png\",\"width\":1000,\"height\":1000,\"caption\":\"Vertessi\"},\"image\":{\"@id\":\"https:\/\/www.vertessi.com\/en\/#\/schema\/logo\/image\/\"}}]}<\/script>\n<!-- \/ Yoast SEO plugin. -->","yoast_head_json":{"title":"Auszeichnungen - Vertessi - Edles Besteck & extravagante Gl\u00e4ser","robots":{"index":"index","follow":"follow","max-snippet":"max-snippet:-1","max-image-preview":"max-image-preview:large","max-video-preview":"max-video-preview:-1"},"canonical":"https:\/\/www.vertessi.com\/de\/ueber-uns\/auszeichnungen\/","og_locale":"de_DE","og_type":"article","og_title":"Auszeichnungen - Vertessi - Edles Besteck & extravagante Gl\u00e4ser","og_description":"\u201eI wanted to use Vera\u2019s silverware. I am looking for something unusual, something different, for something fun for the guests, for something fun for the chefs, for something fun for the kitchen. I thought it was a great, great idea; a great way of interacting with the guest, a great way of presenting something for [&hellip;]","og_url":"https:\/\/www.vertessi.com\/de\/ueber-uns\/auszeichnungen\/","og_site_name":"Vertessi - Edles Besteck & extravagante Gl\u00e4ser","article_modified_time":"2021-12-09T14:06:16+00:00","og_image":[{"width":2000,"height":2000,"url":"https:\/\/www.vertessi.com\/wp-content\/uploads\/2019\/01\/Vera-und-Gabriel-in-Diskussion-9K8A1959-Edit.jpg","type":"image\/jpeg"}],"twitter_card":"summary_large_image","twitter_misc":{"Gesch\u00e4tzte Lesezeit":"3\u00a0Minuten"},"schema":{"@context":"https:\/\/schema.org","@graph":[{"@type":"WebPage","@id":"https:\/\/www.vertessi.com\/de\/ueber-uns\/auszeichnungen\/","url":"https:\/\/www.vertessi.com\/de\/ueber-uns\/auszeichnungen\/","name":"Auszeichnungen - Vertessi - Edles Besteck & extravagante Gl\u00e4ser","isPartOf":{"@id":"https:\/\/www.vertessi.com\/en\/#website"},"primaryImageOfPage":{"@id":"https:\/\/www.vertessi.com\/de\/ueber-uns\/auszeichnungen\/#primaryimage"},"image":{"@id":"https:\/\/www.vertessi.com\/de\/ueber-uns\/auszeichnungen\/#primaryimage"},"thumbnailUrl":"https:\/\/www.vertessi.com\/wp-content\/uploads\/2019\/01\/Vera-und-Gabriel-in-Diskussion-9K8A1959-Edit.jpg","datePublished":"2018-12-14T20:43:56+00:00","dateModified":"2021-12-09T14:06:16+00:00","breadcrumb":{"@id":"https:\/\/www.vertessi.com\/de\/ueber-uns\/auszeichnungen\/#breadcrumb"},"inLanguage":"de","potentialAction":[{"@type":"ReadAction","target":["https:\/\/www.vertessi.com\/de\/ueber-uns\/auszeichnungen\/"]}]},{"@type":"ImageObject","inLanguage":"de","@id":"https:\/\/www.vertessi.com\/de\/ueber-uns\/auszeichnungen\/#primaryimage","url":"https:\/\/www.vertessi.com\/wp-content\/uploads\/2019\/01\/Vera-und-Gabriel-in-Diskussion-9K8A1959-Edit.jpg","contentUrl":"https:\/\/www.vertessi.com\/wp-content\/uploads\/2019\/01\/Vera-und-Gabriel-in-Diskussion-9K8A1959-Edit.jpg","width":2000,"height":2000},{"@type":"BreadcrumbList","@id":"https:\/\/www.vertessi.com\/de\/ueber-uns\/auszeichnungen\/#breadcrumb","itemListElement":[{"@type":"ListItem","position":1,"name":"Startseite","item":"https:\/\/www.vertessi.com\/de\/"},{"@type":"ListItem","position":2,"name":"\u00dcber uns","item":"https:\/\/www.vertessi.com\/de\/ueber-uns\/"},{"@type":"ListItem","position":3,"name":"Auszeichnungen"}]},{"@type":"WebSite","@id":"https:\/\/www.vertessi.com\/en\/#website","url":"https:\/\/www.vertessi.com\/en\/","name":"Vertessi - Edles Besteck & extravagante Gl\u00e4ser","description":"","publisher":{"@id":"https:\/\/www.vertessi.com\/en\/#organization"},"potentialAction":[{"@type":"SearchAction","target":{"@type":"EntryPoint","urlTemplate":"https:\/\/www.vertessi.com\/en\/?s={search_term_string}"},"query-input":{"@type":"PropertyValueSpecification","valueRequired":true,"valueName":"search_term_string"}}],"inLanguage":"de"},{"@type":"Organization","@id":"https:\/\/www.vertessi.com\/en\/#organization","name":"Vertessi","url":"https:\/\/www.vertessi.com\/en\/","logo":{"@type":"ImageObject","inLanguage":"de","@id":"https:\/\/www.vertessi.com\/en\/#\/schema\/logo\/image\/","url":"https:\/\/www.vertessi.com\/wp-content\/uploads\/2018\/11\/verapure.png","contentUrl":"https:\/\/www.vertessi.com\/wp-content\/uploads\/2018\/11\/verapure.png","width":1000,"height":1000,"caption":"Vertessi"},"image":{"@id":"https:\/\/www.vertessi.com\/en\/#\/schema\/logo\/image\/"}}]}},"jetpack_sharing_enabled":true,"_links":{"self":[{"href":"https:\/\/www.vertessi.com\/de\/wp-json\/wp\/v2\/pages\/1235","targetHints":{"allow":["GET"]}}],"collection":[{"href":"https:\/\/www.vertessi.com\/de\/wp-json\/wp\/v2\/pages"}],"about":[{"href":"https:\/\/www.vertessi.com\/de\/wp-json\/wp\/v2\/types\/page"}],"author":[{"embeddable":true,"href":"https:\/\/www.vertessi.com\/de\/wp-json\/wp\/v2\/users\/1"}],"replies":[{"embeddable":true,"href":"https:\/\/www.vertessi.com\/de\/wp-json\/wp\/v2\/comments?post=1235"}],"version-history":[{"count":10,"href":"https:\/\/www.vertessi.com\/de\/wp-json\/wp\/v2\/pages\/1235\/revisions"}],"predecessor-version":[{"id":7599,"href":"https:\/\/www.vertessi.com\/de\/wp-json\/wp\/v2\/pages\/1235\/revisions\/7599"}],"up":[{"embeddable":true,"href":"https:\/\/www.vertessi.com\/de\/wp-json\/wp\/v2\/pages\/14"}],"wp:featuredmedia":[{"embeddable":true,"href":"https:\/\/www.vertessi.com\/de\/wp-json\/wp\/v2\/media\/1924"}],"wp:attachment":[{"href":"https:\/\/www.vertessi.com\/de\/wp-json\/wp\/v2\/media?parent=1235"}],"curies":[{"name":"wp","href":"https:\/\/api.w.org\/{rel}","templated":true}]}}