{"id":3560,"date":"2019-10-21T16:18:33","date_gmt":"2019-11-04T10:10:48","guid":{"rendered":"https:\/\/www.verapu.re\/?post_type=product&#038;p=3560"},"modified":"2020-08-28T10:17:21","modified_gmt":"2020-08-28T08:17:21","slug":"brancusi-glaskunst","status":"publish","type":"product","link":"https:\/\/www.vertessi.com\/de\/produkt\/brancusi-glaskunst\/","title":{"rendered":"Skulptur Brancusi"},"content":{"rendered":"<p>Gewicht: approx. 4,3kg<\/p>\n","protected":false},"excerpt":{"rendered":"<p><span style=\"font-weight: 400;\">Dem weltber\u00fchmten Bildhauer Brancusi gelang es in seinen Werken Einfachkeit, Reduktion und das Wundersame so mit Poesie zu verweben, dass es beim Betrachter Freude weckt! Er lie\u00df eine Spur von Naturalismus einfliessen, das dem Schauenden alle m\u00f6glichen Assoziationen\u00a0 offen l\u00e4sst. Die Sch\u00f6nheit seiner Werke steht au\u00dfer Zweifel. Dieses Glas zollt ihm und seinem Werk Respekt.<\/span><\/p>\n","protected":false},"featured_media":3534,"template":"","meta":{"_acf_changed":false},"product_brand":[],"product_cat":[116,106],"product_tag":[],"class_list":{"0":"post-3560","1":"product","2":"type-product","3":"status-publish","4":"has-post-thumbnail","6":"product_cat-glaskunst","7":"product_cat-unikate","9":"first","10":"instock","11":"taxable","12":"shipping-taxable","13":"product-type-simple"},"acf":[],"yoast_head":"<!-- This site is optimized with the Yoast SEO plugin v26.3 - https:\/\/yoast.com\/wordpress\/plugins\/seo\/ -->\n<title>Skulptur Brancusi - Vertessi - Edles Besteck &amp; extravagante Gl\u00e4ser<\/title>\n<meta name=\"robots\" content=\"index, follow, max-snippet:-1, max-image-preview:large, max-video-preview:-1\" \/>\n<link rel=\"canonical\" href=\"https:\/\/www.vertessi.com\/de\/produkt\/brancusi-glaskunst\/\" \/>\n<meta property=\"og:locale\" content=\"de_DE\" \/>\n<meta property=\"og:type\" content=\"article\" \/>\n<meta property=\"og:title\" content=\"Skulptur Brancusi - Vertessi - Edles Besteck &amp; extravagante Gl\u00e4ser\" \/>\n<meta property=\"og:description\" content=\"Dem weltber\u00fchmten Bildhauer Brancusi gelang es in seinen Werken Einfachkeit, Reduktion und das Wundersame so mit Poesie zu verweben, dass es beim Betrachter Freude weckt! Er lie\u00df eine Spur von Naturalismus einfliessen, das dem Schauenden alle m\u00f6glichen Assoziationen\u00a0 offen l\u00e4sst. Die Sch\u00f6nheit seiner Werke steht au\u00dfer Zweifel. Dieses Glas zollt ihm und seinem Werk Respekt.\" \/>\n<meta property=\"og:url\" content=\"https:\/\/www.vertessi.com\/de\/produkt\/brancusi-glaskunst\/\" \/>\n<meta property=\"og:site_name\" content=\"Vertessi - Edles Besteck &amp; extravagante Gl\u00e4ser\" \/>\n<meta property=\"article:modified_time\" content=\"2020-08-28T08:17:21+00:00\" \/>\n<meta property=\"og:image\" content=\"https:\/\/www.vertessi.com\/wp-content\/uploads\/2019\/10\/VERA-PURE-Homage-to-Brancusi-Glass-Art-1024x1024.jpg\" \/>\n\t<meta property=\"og:image:width\" content=\"1024\" \/>\n\t<meta property=\"og:image:height\" content=\"1024\" \/>\n\t<meta property=\"og:image:type\" content=\"image\/jpeg\" \/>\n<meta name=\"twitter:card\" content=\"summary_large_image\" \/>\n<script type=\"application\/ld+json\" class=\"yoast-schema-graph\">{\"@context\":\"https:\/\/schema.org\",\"@graph\":[{\"@type\":\"WebPage\",\"@id\":\"https:\/\/www.vertessi.com\/de\/produkt\/brancusi-glaskunst\/\",\"url\":\"https:\/\/www.vertessi.com\/de\/produkt\/brancusi-glaskunst\/\",\"name\":\"Skulptur Brancusi - Vertessi - Edles Besteck & extravagante Gl\u00e4ser\",\"isPartOf\":{\"@id\":\"https:\/\/www.vertessi.com\/en\/#website\"},\"primaryImageOfPage\":{\"@id\":\"https:\/\/www.vertessi.com\/de\/produkt\/brancusi-glaskunst\/#primaryimage\"},\"image\":{\"@id\":\"https:\/\/www.vertessi.com\/de\/produkt\/brancusi-glaskunst\/#primaryimage\"},\"thumbnailUrl\":\"https:\/\/www.vertessi.com\/wp-content\/uploads\/2019\/10\/VERA-PURE-Homage-to-Brancusi-Glass-Art.jpg\",\"datePublished\":\"2019-11-04T10:10:48+00:00\",\"dateModified\":\"2020-08-28T08:17:21+00:00\",\"breadcrumb\":{\"@id\":\"https:\/\/www.vertessi.com\/de\/produkt\/brancusi-glaskunst\/#breadcrumb\"},\"inLanguage\":\"de\",\"potentialAction\":[{\"@type\":\"ReadAction\",\"target\":[\"https:\/\/www.vertessi.com\/de\/produkt\/brancusi-glaskunst\/\"]}]},{\"@type\":\"ImageObject\",\"inLanguage\":\"de\",\"@id\":\"https:\/\/www.vertessi.com\/de\/produkt\/brancusi-glaskunst\/#primaryimage\",\"url\":\"https:\/\/www.vertessi.com\/wp-content\/uploads\/2019\/10\/VERA-PURE-Homage-to-Brancusi-Glass-Art.jpg\",\"contentUrl\":\"https:\/\/www.vertessi.com\/wp-content\/uploads\/2019\/10\/VERA-PURE-Homage-to-Brancusi-Glass-Art.jpg\",\"width\":3331,\"height\":3331},{\"@type\":\"BreadcrumbList\",\"@id\":\"https:\/\/www.vertessi.com\/de\/produkt\/brancusi-glaskunst\/#breadcrumb\",\"itemListElement\":[{\"@type\":\"ListItem\",\"position\":1,\"name\":\"Startseite\",\"item\":\"https:\/\/www.vertessi.com\/de\/\"},{\"@type\":\"ListItem\",\"position\":2,\"name\":\"Skulptur Brancusi\"}]},{\"@type\":\"WebSite\",\"@id\":\"https:\/\/www.vertessi.com\/en\/#website\",\"url\":\"https:\/\/www.vertessi.com\/en\/\",\"name\":\"Vertessi - Edles Besteck & extravagante Gl\u00e4ser\",\"description\":\"\",\"publisher\":{\"@id\":\"https:\/\/www.vertessi.com\/en\/#organization\"},\"potentialAction\":[{\"@type\":\"SearchAction\",\"target\":{\"@type\":\"EntryPoint\",\"urlTemplate\":\"https:\/\/www.vertessi.com\/en\/?s={search_term_string}\"},\"query-input\":{\"@type\":\"PropertyValueSpecification\",\"valueRequired\":true,\"valueName\":\"search_term_string\"}}],\"inLanguage\":\"de\"},{\"@type\":\"Organization\",\"@id\":\"https:\/\/www.vertessi.com\/en\/#organization\",\"name\":\"Vertessi\",\"url\":\"https:\/\/www.vertessi.com\/en\/\",\"logo\":{\"@type\":\"ImageObject\",\"inLanguage\":\"de\",\"@id\":\"https:\/\/www.vertessi.com\/en\/#\/schema\/logo\/image\/\",\"url\":\"https:\/\/www.vertessi.com\/wp-content\/uploads\/2018\/11\/verapure.png\",\"contentUrl\":\"https:\/\/www.vertessi.com\/wp-content\/uploads\/2018\/11\/verapure.png\",\"width\":1000,\"height\":1000,\"caption\":\"Vertessi\"},\"image\":{\"@id\":\"https:\/\/www.vertessi.com\/en\/#\/schema\/logo\/image\/\"}}]}<\/script>\n<!-- \/ Yoast SEO plugin. -->","yoast_head_json":{"title":"Skulptur Brancusi - Vertessi - Edles Besteck & extravagante Gl\u00e4ser","robots":{"index":"index","follow":"follow","max-snippet":"max-snippet:-1","max-image-preview":"max-image-preview:large","max-video-preview":"max-video-preview:-1"},"canonical":"https:\/\/www.vertessi.com\/de\/produkt\/brancusi-glaskunst\/","og_locale":"de_DE","og_type":"article","og_title":"Skulptur Brancusi - Vertessi - Edles Besteck & extravagante Gl\u00e4ser","og_description":"Dem weltber\u00fchmten Bildhauer Brancusi gelang es in seinen Werken Einfachkeit, Reduktion und das Wundersame so mit Poesie zu verweben, dass es beim Betrachter Freude weckt! Er lie\u00df eine Spur von Naturalismus einfliessen, das dem Schauenden alle m\u00f6glichen Assoziationen\u00a0 offen l\u00e4sst. Die Sch\u00f6nheit seiner Werke steht au\u00dfer Zweifel. Dieses Glas zollt ihm und seinem Werk Respekt.","og_url":"https:\/\/www.vertessi.com\/de\/produkt\/brancusi-glaskunst\/","og_site_name":"Vertessi - Edles Besteck & extravagante Gl\u00e4ser","article_modified_time":"2020-08-28T08:17:21+00:00","og_image":[{"width":1024,"height":1024,"url":"https:\/\/www.vertessi.com\/wp-content\/uploads\/2019\/10\/VERA-PURE-Homage-to-Brancusi-Glass-Art-1024x1024.jpg","type":"image\/jpeg"}],"twitter_card":"summary_large_image","schema":{"@context":"https:\/\/schema.org","@graph":[{"@type":"WebPage","@id":"https:\/\/www.vertessi.com\/de\/produkt\/brancusi-glaskunst\/","url":"https:\/\/www.vertessi.com\/de\/produkt\/brancusi-glaskunst\/","name":"Skulptur Brancusi - Vertessi - Edles Besteck & extravagante Gl\u00e4ser","isPartOf":{"@id":"https:\/\/www.vertessi.com\/en\/#website"},"primaryImageOfPage":{"@id":"https:\/\/www.vertessi.com\/de\/produkt\/brancusi-glaskunst\/#primaryimage"},"image":{"@id":"https:\/\/www.vertessi.com\/de\/produkt\/brancusi-glaskunst\/#primaryimage"},"thumbnailUrl":"https:\/\/www.vertessi.com\/wp-content\/uploads\/2019\/10\/VERA-PURE-Homage-to-Brancusi-Glass-Art.jpg","datePublished":"2019-11-04T10:10:48+00:00","dateModified":"2020-08-28T08:17:21+00:00","breadcrumb":{"@id":"https:\/\/www.vertessi.com\/de\/produkt\/brancusi-glaskunst\/#breadcrumb"},"inLanguage":"de","potentialAction":[{"@type":"ReadAction","target":["https:\/\/www.vertessi.com\/de\/produkt\/brancusi-glaskunst\/"]}]},{"@type":"ImageObject","inLanguage":"de","@id":"https:\/\/www.vertessi.com\/de\/produkt\/brancusi-glaskunst\/#primaryimage","url":"https:\/\/www.vertessi.com\/wp-content\/uploads\/2019\/10\/VERA-PURE-Homage-to-Brancusi-Glass-Art.jpg","contentUrl":"https:\/\/www.vertessi.com\/wp-content\/uploads\/2019\/10\/VERA-PURE-Homage-to-Brancusi-Glass-Art.jpg","width":3331,"height":3331},{"@type":"BreadcrumbList","@id":"https:\/\/www.vertessi.com\/de\/produkt\/brancusi-glaskunst\/#breadcrumb","itemListElement":[{"@type":"ListItem","position":1,"name":"Startseite","item":"https:\/\/www.vertessi.com\/de\/"},{"@type":"ListItem","position":2,"name":"Skulptur Brancusi"}]},{"@type":"WebSite","@id":"https:\/\/www.vertessi.com\/en\/#website","url":"https:\/\/www.vertessi.com\/en\/","name":"Vertessi - Edles Besteck & extravagante Gl\u00e4ser","description":"","publisher":{"@id":"https:\/\/www.vertessi.com\/en\/#organization"},"potentialAction":[{"@type":"SearchAction","target":{"@type":"EntryPoint","urlTemplate":"https:\/\/www.vertessi.com\/en\/?s={search_term_string}"},"query-input":{"@type":"PropertyValueSpecification","valueRequired":true,"valueName":"search_term_string"}}],"inLanguage":"de"},{"@type":"Organization","@id":"https:\/\/www.vertessi.com\/en\/#organization","name":"Vertessi","url":"https:\/\/www.vertessi.com\/en\/","logo":{"@type":"ImageObject","inLanguage":"de","@id":"https:\/\/www.vertessi.com\/en\/#\/schema\/logo\/image\/","url":"https:\/\/www.vertessi.com\/wp-content\/uploads\/2018\/11\/verapure.png","contentUrl":"https:\/\/www.vertessi.com\/wp-content\/uploads\/2018\/11\/verapure.png","width":1000,"height":1000,"caption":"Vertessi"},"image":{"@id":"https:\/\/www.vertessi.com\/en\/#\/schema\/logo\/image\/"}}]}},"jetpack_sharing_enabled":true,"_links":{"self":[{"href":"https:\/\/www.vertessi.com\/de\/wp-json\/wp\/v2\/product\/3560","targetHints":{"allow":["GET"]}}],"collection":[{"href":"https:\/\/www.vertessi.com\/de\/wp-json\/wp\/v2\/product"}],"about":[{"href":"https:\/\/www.vertessi.com\/de\/wp-json\/wp\/v2\/types\/product"}],"wp:featuredmedia":[{"embeddable":true,"href":"https:\/\/www.vertessi.com\/de\/wp-json\/wp\/v2\/media\/3534"}],"wp:attachment":[{"href":"https:\/\/www.vertessi.com\/de\/wp-json\/wp\/v2\/media?parent=3560"}],"wp:term":[{"taxonomy":"product_brand","embeddable":true,"href":"https:\/\/www.vertessi.com\/de\/wp-json\/wp\/v2\/product_brand?post=3560"},{"taxonomy":"product_cat","embeddable":true,"href":"https:\/\/www.vertessi.com\/de\/wp-json\/wp\/v2\/product_cat?post=3560"},{"taxonomy":"product_tag","embeddable":true,"href":"https:\/\/www.vertessi.com\/de\/wp-json\/wp\/v2\/product_tag?post=3560"}],"curies":[{"name":"wp","href":"https:\/\/api.w.org\/{rel}","templated":true}]}}