{"id":3807,"date":"2019-12-15T15:16:10","date_gmt":"2019-12-15T14:16:10","guid":{"rendered":"https:\/\/www.verapu.re\/product\/kokosnuss-glasschale\/"},"modified":"2020-12-08T12:04:34","modified_gmt":"2020-12-08T11:04:34","slug":"kokosnuss-glasschale","status":"publish","type":"product","link":"https:\/\/www.vertessi.com\/de\/produkt\/kokosnuss-glasschale\/","title":{"rendered":"Kokosnuss"},"content":{"rendered":"","protected":false},"excerpt":{"rendered":"<h4>SherryKOKOSbraun<\/h4>\n<p>Vera\u2019s \u00fcberdicke Schalen sind immer und \u00fcberall ein Blickfang.<\/p>\n<p>\u00dcberfang Technik ist in jeder Glash\u00fctte eine besonders aufregende: wie wird wohl nach dem 6 w\u00f6chigen Abk\u00fchlen im Entspannungsofen die Farbe erscheinen? Denn w\u00e4hrend des Arbeitens leuchtet das gl\u00fchend hei\u00dfe, z\u00e4hfl\u00fcssige Glas immer in Orange.<\/p>\n<p>Auch die bange Frage wie viele der Objekte wohl \u00fcberlebt haben sorgt f\u00fcr \u201cPrickeln\u201d. Denn zwei drittel der Purzelb\u00e4ume zerspringen in diesen Wochen des Wartens. Es liegt an den inneren Spannungen- denn verschiedenen Farbschichten haben unterschiedliche Ausdehnungen.<\/p>\n<p>So ist jeder Purzelbaum auch ein farbenfroh-fr\u00f6hliches Zeichen des sch\u00f6nen \u00dcberlebenswillens.<\/p>\n","protected":false},"featured_media":3768,"template":"","meta":{"_acf_changed":false},"product_brand":[],"product_cat":[139,106],"product_tag":[],"class_list":{"0":"post-3807","1":"product","2":"type-product","3":"status-publish","4":"has-post-thumbnail","6":"product_cat-purzelbaeume","7":"product_cat-unikate","9":"first","10":"instock","11":"taxable","12":"shipping-taxable","13":"purchasable","14":"product-type-simple"},"acf":[],"yoast_head":"<!-- This site is optimized with the Yoast SEO plugin v26.3 - https:\/\/yoast.com\/wordpress\/plugins\/seo\/ -->\n<title>Kokosnuss - Vertessi - Edles Besteck &amp; extravagante Gl\u00e4ser<\/title>\n<meta name=\"robots\" content=\"index, follow, max-snippet:-1, max-image-preview:large, max-video-preview:-1\" \/>\n<link rel=\"canonical\" href=\"https:\/\/www.vertessi.com\/de\/produkt\/kokosnuss-glasschale\/\" \/>\n<meta property=\"og:locale\" content=\"de_DE\" \/>\n<meta property=\"og:type\" content=\"article\" \/>\n<meta property=\"og:title\" content=\"Kokosnuss - Vertessi - Edles Besteck &amp; extravagante Gl\u00e4ser\" \/>\n<meta property=\"og:description\" content=\"SherryKOKOSbraun Vera\u2019s \u00fcberdicke Schalen sind immer und \u00fcberall ein Blickfang.  \u00dcberfang Technik ist in jeder Glash\u00fctte eine besonders aufregende: wie wird wohl nach dem 6 w\u00f6chigen Abk\u00fchlen im Entspannungsofen die Farbe erscheinen? Denn w\u00e4hrend des Arbeitens leuchtet das gl\u00fchend hei\u00dfe, z\u00e4hfl\u00fcssige Glas immer in Orange.  Auch die bange Frage wie viele der Objekte wohl \u00fcberlebt haben sorgt f\u00fcr \u201cPrickeln\u201d. Denn zwei drittel der Purzelb\u00e4ume zerspringen in diesen Wochen des Wartens. Es liegt an den inneren Spannungen- denn verschiedenen Farbschichten haben unterschiedliche Ausdehnungen.  So ist jeder Purzelbaum auch ein farbenfroh-fr\u00f6hliches Zeichen des sch\u00f6nen \u00dcberlebenswillens.\" \/>\n<meta property=\"og:url\" content=\"https:\/\/www.vertessi.com\/de\/produkt\/kokosnuss-glasschale\/\" \/>\n<meta property=\"og:site_name\" content=\"Vertessi - Edles Besteck &amp; extravagante Gl\u00e4ser\" \/>\n<meta property=\"article:modified_time\" content=\"2020-12-08T11:04:34+00:00\" \/>\n<meta property=\"og:image\" content=\"https:\/\/www.vertessi.com\/wp-content\/uploads\/2019\/12\/VERA-PURE-Limited-Edition-Glass-Bowl-Art-Brown.jpg\" \/>\n\t<meta property=\"og:image:width\" content=\"799\" \/>\n\t<meta property=\"og:image:height\" content=\"799\" \/>\n\t<meta property=\"og:image:type\" content=\"image\/jpeg\" \/>\n<meta name=\"twitter:card\" content=\"summary_large_image\" \/>\n<script type=\"application\/ld+json\" class=\"yoast-schema-graph\">{\"@context\":\"https:\/\/schema.org\",\"@graph\":[{\"@type\":\"WebPage\",\"@id\":\"https:\/\/www.vertessi.com\/de\/produkt\/kokosnuss-glasschale\/\",\"url\":\"https:\/\/www.vertessi.com\/de\/produkt\/kokosnuss-glasschale\/\",\"name\":\"Kokosnuss - Vertessi - Edles Besteck & extravagante Gl\u00e4ser\",\"isPartOf\":{\"@id\":\"https:\/\/www.vertessi.com\/en\/#website\"},\"primaryImageOfPage\":{\"@id\":\"https:\/\/www.vertessi.com\/de\/produkt\/kokosnuss-glasschale\/#primaryimage\"},\"image\":{\"@id\":\"https:\/\/www.vertessi.com\/de\/produkt\/kokosnuss-glasschale\/#primaryimage\"},\"thumbnailUrl\":\"https:\/\/www.vertessi.com\/wp-content\/uploads\/2019\/12\/VERA-PURE-Limited-Edition-Glass-Bowl-Art-Brown.jpg\",\"datePublished\":\"2019-12-15T14:16:10+00:00\",\"dateModified\":\"2020-12-08T11:04:34+00:00\",\"breadcrumb\":{\"@id\":\"https:\/\/www.vertessi.com\/de\/produkt\/kokosnuss-glasschale\/#breadcrumb\"},\"inLanguage\":\"de\",\"potentialAction\":[{\"@type\":\"ReadAction\",\"target\":[\"https:\/\/www.vertessi.com\/de\/produkt\/kokosnuss-glasschale\/\"]}]},{\"@type\":\"ImageObject\",\"inLanguage\":\"de\",\"@id\":\"https:\/\/www.vertessi.com\/de\/produkt\/kokosnuss-glasschale\/#primaryimage\",\"url\":\"https:\/\/www.vertessi.com\/wp-content\/uploads\/2019\/12\/VERA-PURE-Limited-Edition-Glass-Bowl-Art-Brown.jpg\",\"contentUrl\":\"https:\/\/www.vertessi.com\/wp-content\/uploads\/2019\/12\/VERA-PURE-Limited-Edition-Glass-Bowl-Art-Brown.jpg\",\"width\":799,\"height\":799},{\"@type\":\"BreadcrumbList\",\"@id\":\"https:\/\/www.vertessi.com\/de\/produkt\/kokosnuss-glasschale\/#breadcrumb\",\"itemListElement\":[{\"@type\":\"ListItem\",\"position\":1,\"name\":\"Startseite\",\"item\":\"https:\/\/www.vertessi.com\/de\/\"},{\"@type\":\"ListItem\",\"position\":2,\"name\":\"Kokosnuss\"}]},{\"@type\":\"WebSite\",\"@id\":\"https:\/\/www.vertessi.com\/en\/#website\",\"url\":\"https:\/\/www.vertessi.com\/en\/\",\"name\":\"Vertessi - Edles Besteck & extravagante Gl\u00e4ser\",\"description\":\"\",\"publisher\":{\"@id\":\"https:\/\/www.vertessi.com\/en\/#organization\"},\"potentialAction\":[{\"@type\":\"SearchAction\",\"target\":{\"@type\":\"EntryPoint\",\"urlTemplate\":\"https:\/\/www.vertessi.com\/en\/?s={search_term_string}\"},\"query-input\":{\"@type\":\"PropertyValueSpecification\",\"valueRequired\":true,\"valueName\":\"search_term_string\"}}],\"inLanguage\":\"de\"},{\"@type\":\"Organization\",\"@id\":\"https:\/\/www.vertessi.com\/en\/#organization\",\"name\":\"Vertessi\",\"url\":\"https:\/\/www.vertessi.com\/en\/\",\"logo\":{\"@type\":\"ImageObject\",\"inLanguage\":\"de\",\"@id\":\"https:\/\/www.vertessi.com\/en\/#\/schema\/logo\/image\/\",\"url\":\"https:\/\/www.vertessi.com\/wp-content\/uploads\/2018\/11\/verapure.png\",\"contentUrl\":\"https:\/\/www.vertessi.com\/wp-content\/uploads\/2018\/11\/verapure.png\",\"width\":1000,\"height\":1000,\"caption\":\"Vertessi\"},\"image\":{\"@id\":\"https:\/\/www.vertessi.com\/en\/#\/schema\/logo\/image\/\"}}]}<\/script>\n<!-- \/ Yoast SEO plugin. -->","yoast_head_json":{"title":"Kokosnuss - Vertessi - Edles Besteck & extravagante Gl\u00e4ser","robots":{"index":"index","follow":"follow","max-snippet":"max-snippet:-1","max-image-preview":"max-image-preview:large","max-video-preview":"max-video-preview:-1"},"canonical":"https:\/\/www.vertessi.com\/de\/produkt\/kokosnuss-glasschale\/","og_locale":"de_DE","og_type":"article","og_title":"Kokosnuss - Vertessi - Edles Besteck & extravagante Gl\u00e4ser","og_description":"SherryKOKOSbraun Vera\u2019s \u00fcberdicke Schalen sind immer und \u00fcberall ein Blickfang.  \u00dcberfang Technik ist in jeder Glash\u00fctte eine besonders aufregende: wie wird wohl nach dem 6 w\u00f6chigen Abk\u00fchlen im Entspannungsofen die Farbe erscheinen? Denn w\u00e4hrend des Arbeitens leuchtet das gl\u00fchend hei\u00dfe, z\u00e4hfl\u00fcssige Glas immer in Orange.  Auch die bange Frage wie viele der Objekte wohl \u00fcberlebt haben sorgt f\u00fcr \u201cPrickeln\u201d. Denn zwei drittel der Purzelb\u00e4ume zerspringen in diesen Wochen des Wartens. Es liegt an den inneren Spannungen- denn verschiedenen Farbschichten haben unterschiedliche Ausdehnungen.  So ist jeder Purzelbaum auch ein farbenfroh-fr\u00f6hliches Zeichen des sch\u00f6nen \u00dcberlebenswillens.","og_url":"https:\/\/www.vertessi.com\/de\/produkt\/kokosnuss-glasschale\/","og_site_name":"Vertessi - Edles Besteck & extravagante Gl\u00e4ser","article_modified_time":"2020-12-08T11:04:34+00:00","og_image":[{"width":799,"height":799,"url":"https:\/\/www.vertessi.com\/wp-content\/uploads\/2019\/12\/VERA-PURE-Limited-Edition-Glass-Bowl-Art-Brown.jpg","type":"image\/jpeg"}],"twitter_card":"summary_large_image","schema":{"@context":"https:\/\/schema.org","@graph":[{"@type":"WebPage","@id":"https:\/\/www.vertessi.com\/de\/produkt\/kokosnuss-glasschale\/","url":"https:\/\/www.vertessi.com\/de\/produkt\/kokosnuss-glasschale\/","name":"Kokosnuss - Vertessi - Edles Besteck & extravagante Gl\u00e4ser","isPartOf":{"@id":"https:\/\/www.vertessi.com\/en\/#website"},"primaryImageOfPage":{"@id":"https:\/\/www.vertessi.com\/de\/produkt\/kokosnuss-glasschale\/#primaryimage"},"image":{"@id":"https:\/\/www.vertessi.com\/de\/produkt\/kokosnuss-glasschale\/#primaryimage"},"thumbnailUrl":"https:\/\/www.vertessi.com\/wp-content\/uploads\/2019\/12\/VERA-PURE-Limited-Edition-Glass-Bowl-Art-Brown.jpg","datePublished":"2019-12-15T14:16:10+00:00","dateModified":"2020-12-08T11:04:34+00:00","breadcrumb":{"@id":"https:\/\/www.vertessi.com\/de\/produkt\/kokosnuss-glasschale\/#breadcrumb"},"inLanguage":"de","potentialAction":[{"@type":"ReadAction","target":["https:\/\/www.vertessi.com\/de\/produkt\/kokosnuss-glasschale\/"]}]},{"@type":"ImageObject","inLanguage":"de","@id":"https:\/\/www.vertessi.com\/de\/produkt\/kokosnuss-glasschale\/#primaryimage","url":"https:\/\/www.vertessi.com\/wp-content\/uploads\/2019\/12\/VERA-PURE-Limited-Edition-Glass-Bowl-Art-Brown.jpg","contentUrl":"https:\/\/www.vertessi.com\/wp-content\/uploads\/2019\/12\/VERA-PURE-Limited-Edition-Glass-Bowl-Art-Brown.jpg","width":799,"height":799},{"@type":"BreadcrumbList","@id":"https:\/\/www.vertessi.com\/de\/produkt\/kokosnuss-glasschale\/#breadcrumb","itemListElement":[{"@type":"ListItem","position":1,"name":"Startseite","item":"https:\/\/www.vertessi.com\/de\/"},{"@type":"ListItem","position":2,"name":"Kokosnuss"}]},{"@type":"WebSite","@id":"https:\/\/www.vertessi.com\/en\/#website","url":"https:\/\/www.vertessi.com\/en\/","name":"Vertessi - Edles Besteck & extravagante Gl\u00e4ser","description":"","publisher":{"@id":"https:\/\/www.vertessi.com\/en\/#organization"},"potentialAction":[{"@type":"SearchAction","target":{"@type":"EntryPoint","urlTemplate":"https:\/\/www.vertessi.com\/en\/?s={search_term_string}"},"query-input":{"@type":"PropertyValueSpecification","valueRequired":true,"valueName":"search_term_string"}}],"inLanguage":"de"},{"@type":"Organization","@id":"https:\/\/www.vertessi.com\/en\/#organization","name":"Vertessi","url":"https:\/\/www.vertessi.com\/en\/","logo":{"@type":"ImageObject","inLanguage":"de","@id":"https:\/\/www.vertessi.com\/en\/#\/schema\/logo\/image\/","url":"https:\/\/www.vertessi.com\/wp-content\/uploads\/2018\/11\/verapure.png","contentUrl":"https:\/\/www.vertessi.com\/wp-content\/uploads\/2018\/11\/verapure.png","width":1000,"height":1000,"caption":"Vertessi"},"image":{"@id":"https:\/\/www.vertessi.com\/en\/#\/schema\/logo\/image\/"}}]}},"jetpack_sharing_enabled":true,"_links":{"self":[{"href":"https:\/\/www.vertessi.com\/de\/wp-json\/wp\/v2\/product\/3807","targetHints":{"allow":["GET"]}}],"collection":[{"href":"https:\/\/www.vertessi.com\/de\/wp-json\/wp\/v2\/product"}],"about":[{"href":"https:\/\/www.vertessi.com\/de\/wp-json\/wp\/v2\/types\/product"}],"wp:featuredmedia":[{"embeddable":true,"href":"https:\/\/www.vertessi.com\/de\/wp-json\/wp\/v2\/media\/3768"}],"wp:attachment":[{"href":"https:\/\/www.vertessi.com\/de\/wp-json\/wp\/v2\/media?parent=3807"}],"wp:term":[{"taxonomy":"product_brand","embeddable":true,"href":"https:\/\/www.vertessi.com\/de\/wp-json\/wp\/v2\/product_brand?post=3807"},{"taxonomy":"product_cat","embeddable":true,"href":"https:\/\/www.vertessi.com\/de\/wp-json\/wp\/v2\/product_cat?post=3807"},{"taxonomy":"product_tag","embeddable":true,"href":"https:\/\/www.vertessi.com\/de\/wp-json\/wp\/v2\/product_tag?post=3807"}],"curies":[{"name":"wp","href":"https:\/\/api.w.org\/{rel}","templated":true}]}}