{"id":659,"date":"2018-09-12T14:11:25","date_gmt":"2018-09-12T12:11:25","guid":{"rendered":"http:\/\/vpu.atomproductions.at\/product\/moonlashes-specials-expresso-loeffel\/"},"modified":"2022-03-30T19:36:01","modified_gmt":"2022-03-30T17:36:01","slug":"espresso-loeffel","status":"publish","type":"product","link":"https:\/\/www.vertessi.com\/de\/produkt\/espresso-loeffel\/","title":{"rendered":"Espresso L\u00f6ffel"},"content":{"rendered":"<p class=\"p1\"><span class=\"s1\">L\u00c4NGE: ~ 12 cm<br \/>\n<\/span><span class=\"s1\">GEWICHT: ~ 12 g<\/span><\/p>\n","protected":false},"excerpt":{"rendered":"<p><span style=\"font-weight: 400;\">Das kleinste MoonLashes St\u00fcck mit der typischen leicht Achs-Verschwenkung zwischen Laffe und Griff, ist ein wenig das &#8222;Liebkind&#8220; unter den MoonLashes (so ist es eben mit den Kleinen :). Es ist nicht nur ein echter Hingucker f\u00fcr einen Kaffee-Afficionado, sondern auch ideal f\u00fcr kleine Luxus Speisen wie Kaviar oder Tr\u00fcffel (aber Achtung: Kaviar darf nicht mit Edelstahl oder Silber in Ber\u00fchrung kommen).<\/span><\/p>\n","protected":false},"featured_media":4452,"template":"","meta":{"_acf_changed":false},"product_brand":[],"product_cat":[65,83],"product_tag":[],"class_list":{"0":"post-659","1":"product","2":"type-product","3":"status-publish","4":"has-post-thumbnail","6":"product_cat-moonlashes","7":"product_cat-moonlashes-specials","8":"product_shipping_class-moonlashes","10":"first","11":"instock","12":"taxable","13":"shipping-taxable","14":"purchasable","15":"product-type-variable","16":"has-default-attributes"},"acf":[],"yoast_head":"<!-- This site is optimized with the Yoast SEO plugin v26.3 - https:\/\/yoast.com\/wordpress\/plugins\/seo\/ -->\n<title>Espresso L\u00f6ffel - Vertessi - Edles Besteck &amp; extravagante Gl\u00e4ser<\/title>\n<meta name=\"robots\" content=\"index, follow, max-snippet:-1, max-image-preview:large, max-video-preview:-1\" \/>\n<link rel=\"canonical\" href=\"https:\/\/www.vertessi.com\/de\/produkt\/espresso-loeffel\/\" \/>\n<meta property=\"og:locale\" content=\"de_DE\" \/>\n<meta property=\"og:type\" content=\"article\" \/>\n<meta property=\"og:title\" content=\"Espresso L\u00f6ffel - Vertessi - Edles Besteck &amp; extravagante Gl\u00e4ser\" \/>\n<meta property=\"og:description\" content=\"Das kleinste MoonLashes St\u00fcck mit der typischen leicht Achs-Verschwenkung zwischen Laffe und Griff, ist ein wenig das &quot;Liebkind&quot; unter den MoonLashes (so ist es eben mit den Kleinen :). Es ist nicht nur ein echter Hingucker f\u00fcr einen Kaffee-Afficionado, sondern auch ideal f\u00fcr kleine Luxus Speisen wie Kaviar oder Tr\u00fcffel (aber Achtung: Kaviar darf nicht mit Edelstahl oder Silber in Ber\u00fchrung kommen).\" \/>\n<meta property=\"og:url\" content=\"https:\/\/www.vertessi.com\/de\/produkt\/espresso-loeffel\/\" \/>\n<meta property=\"og:site_name\" content=\"Vertessi - Edles Besteck &amp; extravagante Gl\u00e4ser\" \/>\n<meta property=\"article:modified_time\" content=\"2022-03-30T17:36:01+00:00\" \/>\n<meta property=\"og:image\" content=\"https:\/\/www.vertessi.com\/wp-content\/uploads\/2020\/04\/gold_espresso_spoon_HIGH_RES\u00a9Alex_Bayer-1.jpg\" \/>\n\t<meta property=\"og:image:width\" content=\"3124\" \/>\n\t<meta property=\"og:image:height\" content=\"3124\" \/>\n\t<meta property=\"og:image:type\" content=\"image\/jpeg\" \/>\n<meta name=\"twitter:card\" content=\"summary_large_image\" \/>\n<script type=\"application\/ld+json\" class=\"yoast-schema-graph\">{\"@context\":\"https:\/\/schema.org\",\"@graph\":[{\"@type\":\"WebPage\",\"@id\":\"https:\/\/www.vertessi.com\/de\/produkt\/espresso-loeffel\/\",\"url\":\"https:\/\/www.vertessi.com\/de\/produkt\/espresso-loeffel\/\",\"name\":\"Espresso L\u00f6ffel - Vertessi - Edles Besteck & extravagante Gl\u00e4ser\",\"isPartOf\":{\"@id\":\"https:\/\/www.vertessi.com\/en\/#website\"},\"primaryImageOfPage\":{\"@id\":\"https:\/\/www.vertessi.com\/de\/produkt\/espresso-loeffel\/#primaryimage\"},\"image\":{\"@id\":\"https:\/\/www.vertessi.com\/de\/produkt\/espresso-loeffel\/#primaryimage\"},\"thumbnailUrl\":\"https:\/\/www.vertessi.com\/wp-content\/uploads\/2020\/04\/gold_espresso_spoon_HIGH_RES\u00a9Alex_Bayer-1.jpg\",\"datePublished\":\"2018-09-12T12:11:25+00:00\",\"dateModified\":\"2022-03-30T17:36:01+00:00\",\"breadcrumb\":{\"@id\":\"https:\/\/www.vertessi.com\/de\/produkt\/espresso-loeffel\/#breadcrumb\"},\"inLanguage\":\"de\",\"potentialAction\":[{\"@type\":\"ReadAction\",\"target\":[\"https:\/\/www.vertessi.com\/de\/produkt\/espresso-loeffel\/\"]}]},{\"@type\":\"ImageObject\",\"inLanguage\":\"de\",\"@id\":\"https:\/\/www.vertessi.com\/de\/produkt\/espresso-loeffel\/#primaryimage\",\"url\":\"https:\/\/www.vertessi.com\/wp-content\/uploads\/2020\/04\/gold_espresso_spoon_HIGH_RES\u00a9Alex_Bayer-1.jpg\",\"contentUrl\":\"https:\/\/www.vertessi.com\/wp-content\/uploads\/2020\/04\/gold_espresso_spoon_HIGH_RES\u00a9Alex_Bayer-1.jpg\",\"width\":3124,\"height\":3124},{\"@type\":\"BreadcrumbList\",\"@id\":\"https:\/\/www.vertessi.com\/de\/produkt\/espresso-loeffel\/#breadcrumb\",\"itemListElement\":[{\"@type\":\"ListItem\",\"position\":1,\"name\":\"Startseite\",\"item\":\"https:\/\/www.vertessi.com\/de\/\"},{\"@type\":\"ListItem\",\"position\":2,\"name\":\"Espresso L\u00f6ffel\"}]},{\"@type\":\"WebSite\",\"@id\":\"https:\/\/www.vertessi.com\/en\/#website\",\"url\":\"https:\/\/www.vertessi.com\/en\/\",\"name\":\"Vertessi - Edles Besteck & extravagante Gl\u00e4ser\",\"description\":\"\",\"publisher\":{\"@id\":\"https:\/\/www.vertessi.com\/en\/#organization\"},\"potentialAction\":[{\"@type\":\"SearchAction\",\"target\":{\"@type\":\"EntryPoint\",\"urlTemplate\":\"https:\/\/www.vertessi.com\/en\/?s={search_term_string}\"},\"query-input\":{\"@type\":\"PropertyValueSpecification\",\"valueRequired\":true,\"valueName\":\"search_term_string\"}}],\"inLanguage\":\"de\"},{\"@type\":\"Organization\",\"@id\":\"https:\/\/www.vertessi.com\/en\/#organization\",\"name\":\"Vertessi\",\"url\":\"https:\/\/www.vertessi.com\/en\/\",\"logo\":{\"@type\":\"ImageObject\",\"inLanguage\":\"de\",\"@id\":\"https:\/\/www.vertessi.com\/en\/#\/schema\/logo\/image\/\",\"url\":\"https:\/\/www.vertessi.com\/wp-content\/uploads\/2018\/11\/verapure.png\",\"contentUrl\":\"https:\/\/www.vertessi.com\/wp-content\/uploads\/2018\/11\/verapure.png\",\"width\":1000,\"height\":1000,\"caption\":\"Vertessi\"},\"image\":{\"@id\":\"https:\/\/www.vertessi.com\/en\/#\/schema\/logo\/image\/\"}}]}<\/script>\n<!-- \/ Yoast SEO plugin. -->","yoast_head_json":{"title":"Espresso L\u00f6ffel - Vertessi - Edles Besteck & extravagante Gl\u00e4ser","robots":{"index":"index","follow":"follow","max-snippet":"max-snippet:-1","max-image-preview":"max-image-preview:large","max-video-preview":"max-video-preview:-1"},"canonical":"https:\/\/www.vertessi.com\/de\/produkt\/espresso-loeffel\/","og_locale":"de_DE","og_type":"article","og_title":"Espresso L\u00f6ffel - Vertessi - Edles Besteck & extravagante Gl\u00e4ser","og_description":"Das kleinste MoonLashes St\u00fcck mit der typischen leicht Achs-Verschwenkung zwischen Laffe und Griff, ist ein wenig das \"Liebkind\" unter den MoonLashes (so ist es eben mit den Kleinen :). Es ist nicht nur ein echter Hingucker f\u00fcr einen Kaffee-Afficionado, sondern auch ideal f\u00fcr kleine Luxus Speisen wie Kaviar oder Tr\u00fcffel (aber Achtung: Kaviar darf nicht mit Edelstahl oder Silber in Ber\u00fchrung kommen).","og_url":"https:\/\/www.vertessi.com\/de\/produkt\/espresso-loeffel\/","og_site_name":"Vertessi - Edles Besteck & extravagante Gl\u00e4ser","article_modified_time":"2022-03-30T17:36:01+00:00","og_image":[{"width":3124,"height":3124,"url":"https:\/\/www.vertessi.com\/wp-content\/uploads\/2020\/04\/gold_espresso_spoon_HIGH_RES\u00a9Alex_Bayer-1.jpg","type":"image\/jpeg"}],"twitter_card":"summary_large_image","schema":{"@context":"https:\/\/schema.org","@graph":[{"@type":"WebPage","@id":"https:\/\/www.vertessi.com\/de\/produkt\/espresso-loeffel\/","url":"https:\/\/www.vertessi.com\/de\/produkt\/espresso-loeffel\/","name":"Espresso L\u00f6ffel - Vertessi - Edles Besteck & extravagante Gl\u00e4ser","isPartOf":{"@id":"https:\/\/www.vertessi.com\/en\/#website"},"primaryImageOfPage":{"@id":"https:\/\/www.vertessi.com\/de\/produkt\/espresso-loeffel\/#primaryimage"},"image":{"@id":"https:\/\/www.vertessi.com\/de\/produkt\/espresso-loeffel\/#primaryimage"},"thumbnailUrl":"https:\/\/www.vertessi.com\/wp-content\/uploads\/2020\/04\/gold_espresso_spoon_HIGH_RES\u00a9Alex_Bayer-1.jpg","datePublished":"2018-09-12T12:11:25+00:00","dateModified":"2022-03-30T17:36:01+00:00","breadcrumb":{"@id":"https:\/\/www.vertessi.com\/de\/produkt\/espresso-loeffel\/#breadcrumb"},"inLanguage":"de","potentialAction":[{"@type":"ReadAction","target":["https:\/\/www.vertessi.com\/de\/produkt\/espresso-loeffel\/"]}]},{"@type":"ImageObject","inLanguage":"de","@id":"https:\/\/www.vertessi.com\/de\/produkt\/espresso-loeffel\/#primaryimage","url":"https:\/\/www.vertessi.com\/wp-content\/uploads\/2020\/04\/gold_espresso_spoon_HIGH_RES\u00a9Alex_Bayer-1.jpg","contentUrl":"https:\/\/www.vertessi.com\/wp-content\/uploads\/2020\/04\/gold_espresso_spoon_HIGH_RES\u00a9Alex_Bayer-1.jpg","width":3124,"height":3124},{"@type":"BreadcrumbList","@id":"https:\/\/www.vertessi.com\/de\/produkt\/espresso-loeffel\/#breadcrumb","itemListElement":[{"@type":"ListItem","position":1,"name":"Startseite","item":"https:\/\/www.vertessi.com\/de\/"},{"@type":"ListItem","position":2,"name":"Espresso L\u00f6ffel"}]},{"@type":"WebSite","@id":"https:\/\/www.vertessi.com\/en\/#website","url":"https:\/\/www.vertessi.com\/en\/","name":"Vertessi - Edles Besteck & extravagante Gl\u00e4ser","description":"","publisher":{"@id":"https:\/\/www.vertessi.com\/en\/#organization"},"potentialAction":[{"@type":"SearchAction","target":{"@type":"EntryPoint","urlTemplate":"https:\/\/www.vertessi.com\/en\/?s={search_term_string}"},"query-input":{"@type":"PropertyValueSpecification","valueRequired":true,"valueName":"search_term_string"}}],"inLanguage":"de"},{"@type":"Organization","@id":"https:\/\/www.vertessi.com\/en\/#organization","name":"Vertessi","url":"https:\/\/www.vertessi.com\/en\/","logo":{"@type":"ImageObject","inLanguage":"de","@id":"https:\/\/www.vertessi.com\/en\/#\/schema\/logo\/image\/","url":"https:\/\/www.vertessi.com\/wp-content\/uploads\/2018\/11\/verapure.png","contentUrl":"https:\/\/www.vertessi.com\/wp-content\/uploads\/2018\/11\/verapure.png","width":1000,"height":1000,"caption":"Vertessi"},"image":{"@id":"https:\/\/www.vertessi.com\/en\/#\/schema\/logo\/image\/"}}]}},"jetpack_sharing_enabled":true,"_links":{"self":[{"href":"https:\/\/www.vertessi.com\/de\/wp-json\/wp\/v2\/product\/659","targetHints":{"allow":["GET"]}}],"collection":[{"href":"https:\/\/www.vertessi.com\/de\/wp-json\/wp\/v2\/product"}],"about":[{"href":"https:\/\/www.vertessi.com\/de\/wp-json\/wp\/v2\/types\/product"}],"wp:featuredmedia":[{"embeddable":true,"href":"https:\/\/www.vertessi.com\/de\/wp-json\/wp\/v2\/media\/4452"}],"wp:attachment":[{"href":"https:\/\/www.vertessi.com\/de\/wp-json\/wp\/v2\/media?parent=659"}],"wp:term":[{"taxonomy":"product_brand","embeddable":true,"href":"https:\/\/www.vertessi.com\/de\/wp-json\/wp\/v2\/product_brand?post=659"},{"taxonomy":"product_cat","embeddable":true,"href":"https:\/\/www.vertessi.com\/de\/wp-json\/wp\/v2\/product_cat?post=659"},{"taxonomy":"product_tag","embeddable":true,"href":"https:\/\/www.vertessi.com\/de\/wp-json\/wp\/v2\/product_tag?post=659"}],"curies":[{"name":"wp","href":"https:\/\/api.w.org\/{rel}","templated":true}]}}