{"id":6769,"date":"2021-02-15T20:13:32","date_gmt":"2021-02-15T19:13:32","guid":{"rendered":"https:\/\/www.verapu.re\/product\/espresso-in-rome\/"},"modified":"2021-10-27T20:32:49","modified_gmt":"2021-10-27T18:32:49","slug":"espresso-in-rome","status":"publish","type":"product","link":"https:\/\/www.vertessi.com\/de\/produkt\/espresso-in-rome\/","title":{"rendered":"Espresso in Rom"},"content":{"rendered":"","protected":false},"excerpt":{"rendered":"<p>Erinnern Sie sich noch an den letzten Besuch in Rom? Das morgendliche Schlendern durch die noch relativ leeren Gassen&#8230; Bei einem Spaziergang starten Sie bei der spanischen Treppe und dann geht es \u00fcber die Via dei Condotti bis zur Abzewigung in die Via del Corso. Lieferwagen und Vespas schwirren ums Sie herum, ehe Sie an der Fontana di Trevi vorbeikommen und dort &#8222;k\u00e4mpfen&#8220; die R\u00f6mer schon lebensfreudig um Ihren Espresso und ein Cornetto Kipferl im kleinen Caf\u00e9 an der Ecke&#8230;<\/p>\n<p>Mit Sicherheit kann man nirgends einen Espresso so genie\u00dfen wie in Rom! Ob vor Ort in Italien, bei Ihnen zuhause, im B\u00fcro oder als Geschenk f\u00fcr die Liebsten: mit unseren Espressol\u00f6ffeln bringen Sie ein wenig von dieser Magie, dieser Energie, dem wahren &#8222;Dolce Vita&#8220; mit!<\/p>\n","protected":false},"featured_media":7046,"template":"","meta":{"_acf_changed":false},"product_brand":[],"product_cat":[65,149],"product_tag":[],"class_list":{"0":"post-6769","1":"product","2":"type-product","3":"status-publish","4":"has-post-thumbnail","6":"product_cat-moonlashes","7":"product_cat-moonlashes-geschenke","9":"first","10":"instock","11":"taxable","12":"shipping-taxable","13":"purchasable","14":"product-type-variable","15":"has-default-attributes"},"acf":[],"yoast_head":"<!-- This site is optimized with the Yoast SEO plugin v26.3 - https:\/\/yoast.com\/wordpress\/plugins\/seo\/ -->\n<title>Espresso in Rom - Vertessi - Edles Besteck &amp; extravagante Gl\u00e4ser<\/title>\n<meta name=\"robots\" content=\"index, follow, max-snippet:-1, max-image-preview:large, max-video-preview:-1\" \/>\n<link rel=\"canonical\" href=\"https:\/\/www.vertessi.com\/de\/produkt\/espresso-in-rome\/\" \/>\n<meta property=\"og:locale\" content=\"de_DE\" \/>\n<meta property=\"og:type\" content=\"article\" \/>\n<meta property=\"og:title\" content=\"Espresso in Rom - Vertessi - Edles Besteck &amp; extravagante Gl\u00e4ser\" \/>\n<meta property=\"og:description\" content=\"Erinnern Sie sich noch an den letzten Besuch in Rom? Das morgendliche Schlendern durch die noch relativ leeren Gassen... Bei einem Spaziergang starten Sie bei der spanischen Treppe und dann geht es \u00fcber die Via dei Condotti bis zur Abzewigung in die Via del Corso. Lieferwagen und Vespas schwirren ums Sie herum, ehe Sie an der Fontana di Trevi vorbeikommen und dort &quot;k\u00e4mpfen&quot; die R\u00f6mer schon lebensfreudig um Ihren Espresso und ein Cornetto Kipferl im kleinen Caf\u00e9 an der Ecke...  Mit Sicherheit kann man nirgends einen Espresso so genie\u00dfen wie in Rom! Ob vor Ort in Italien, bei Ihnen zuhause, im B\u00fcro oder als Geschenk f\u00fcr die Liebsten: mit unseren Espressol\u00f6ffeln bringen Sie ein wenig von dieser Magie, dieser Energie, dem wahren &quot;Dolce Vita&quot; mit!\" \/>\n<meta property=\"og:url\" content=\"https:\/\/www.vertessi.com\/de\/produkt\/espresso-in-rome\/\" \/>\n<meta property=\"og:site_name\" content=\"Vertessi - Edles Besteck &amp; extravagante Gl\u00e4ser\" \/>\n<meta property=\"article:modified_time\" content=\"2021-10-27T18:32:49+00:00\" \/>\n<meta property=\"og:image\" content=\"https:\/\/www.vertessi.com\/wp-content\/uploads\/2021\/02\/MoonLashes-Espresso-in-Rome-Set-2-\u00a9FarukPinjo-scaled.jpg\" \/>\n\t<meta property=\"og:image:width\" content=\"2560\" \/>\n\t<meta property=\"og:image:height\" content=\"2560\" \/>\n\t<meta property=\"og:image:type\" content=\"image\/jpeg\" \/>\n<meta name=\"twitter:card\" content=\"summary_large_image\" \/>\n<script type=\"application\/ld+json\" class=\"yoast-schema-graph\">{\"@context\":\"https:\/\/schema.org\",\"@graph\":[{\"@type\":\"WebPage\",\"@id\":\"https:\/\/www.vertessi.com\/de\/produkt\/espresso-in-rome\/\",\"url\":\"https:\/\/www.vertessi.com\/de\/produkt\/espresso-in-rome\/\",\"name\":\"Espresso in Rom - Vertessi - Edles Besteck & extravagante Gl\u00e4ser\",\"isPartOf\":{\"@id\":\"https:\/\/www.vertessi.com\/en\/#website\"},\"primaryImageOfPage\":{\"@id\":\"https:\/\/www.vertessi.com\/de\/produkt\/espresso-in-rome\/#primaryimage\"},\"image\":{\"@id\":\"https:\/\/www.vertessi.com\/de\/produkt\/espresso-in-rome\/#primaryimage\"},\"thumbnailUrl\":\"https:\/\/www.vertessi.com\/wp-content\/uploads\/2021\/02\/MoonLashes-Espresso-in-Rome-Set-2-\u00a9FarukPinjo-scaled.jpg\",\"datePublished\":\"2021-02-15T19:13:32+00:00\",\"dateModified\":\"2021-10-27T18:32:49+00:00\",\"breadcrumb\":{\"@id\":\"https:\/\/www.vertessi.com\/de\/produkt\/espresso-in-rome\/#breadcrumb\"},\"inLanguage\":\"de\",\"potentialAction\":[{\"@type\":\"ReadAction\",\"target\":[\"https:\/\/www.vertessi.com\/de\/produkt\/espresso-in-rome\/\"]}]},{\"@type\":\"ImageObject\",\"inLanguage\":\"de\",\"@id\":\"https:\/\/www.vertessi.com\/de\/produkt\/espresso-in-rome\/#primaryimage\",\"url\":\"https:\/\/www.vertessi.com\/wp-content\/uploads\/2021\/02\/MoonLashes-Espresso-in-Rome-Set-2-\u00a9FarukPinjo-scaled.jpg\",\"contentUrl\":\"https:\/\/www.vertessi.com\/wp-content\/uploads\/2021\/02\/MoonLashes-Espresso-in-Rome-Set-2-\u00a9FarukPinjo-scaled.jpg\",\"width\":2560,\"height\":2560},{\"@type\":\"BreadcrumbList\",\"@id\":\"https:\/\/www.vertessi.com\/de\/produkt\/espresso-in-rome\/#breadcrumb\",\"itemListElement\":[{\"@type\":\"ListItem\",\"position\":1,\"name\":\"Startseite\",\"item\":\"https:\/\/www.vertessi.com\/de\/\"},{\"@type\":\"ListItem\",\"position\":2,\"name\":\"Espresso in Rom\"}]},{\"@type\":\"WebSite\",\"@id\":\"https:\/\/www.vertessi.com\/en\/#website\",\"url\":\"https:\/\/www.vertessi.com\/en\/\",\"name\":\"Vertessi - Edles Besteck & extravagante Gl\u00e4ser\",\"description\":\"\",\"publisher\":{\"@id\":\"https:\/\/www.vertessi.com\/en\/#organization\"},\"potentialAction\":[{\"@type\":\"SearchAction\",\"target\":{\"@type\":\"EntryPoint\",\"urlTemplate\":\"https:\/\/www.vertessi.com\/en\/?s={search_term_string}\"},\"query-input\":{\"@type\":\"PropertyValueSpecification\",\"valueRequired\":true,\"valueName\":\"search_term_string\"}}],\"inLanguage\":\"de\"},{\"@type\":\"Organization\",\"@id\":\"https:\/\/www.vertessi.com\/en\/#organization\",\"name\":\"Vertessi\",\"url\":\"https:\/\/www.vertessi.com\/en\/\",\"logo\":{\"@type\":\"ImageObject\",\"inLanguage\":\"de\",\"@id\":\"https:\/\/www.vertessi.com\/en\/#\/schema\/logo\/image\/\",\"url\":\"https:\/\/www.vertessi.com\/wp-content\/uploads\/2018\/11\/verapure.png\",\"contentUrl\":\"https:\/\/www.vertessi.com\/wp-content\/uploads\/2018\/11\/verapure.png\",\"width\":1000,\"height\":1000,\"caption\":\"Vertessi\"},\"image\":{\"@id\":\"https:\/\/www.vertessi.com\/en\/#\/schema\/logo\/image\/\"}}]}<\/script>\n<!-- \/ Yoast SEO plugin. -->","yoast_head_json":{"title":"Espresso in Rom - Vertessi - Edles Besteck & extravagante Gl\u00e4ser","robots":{"index":"index","follow":"follow","max-snippet":"max-snippet:-1","max-image-preview":"max-image-preview:large","max-video-preview":"max-video-preview:-1"},"canonical":"https:\/\/www.vertessi.com\/de\/produkt\/espresso-in-rome\/","og_locale":"de_DE","og_type":"article","og_title":"Espresso in Rom - Vertessi - Edles Besteck & extravagante Gl\u00e4ser","og_description":"Erinnern Sie sich noch an den letzten Besuch in Rom? Das morgendliche Schlendern durch die noch relativ leeren Gassen... Bei einem Spaziergang starten Sie bei der spanischen Treppe und dann geht es \u00fcber die Via dei Condotti bis zur Abzewigung in die Via del Corso. Lieferwagen und Vespas schwirren ums Sie herum, ehe Sie an der Fontana di Trevi vorbeikommen und dort \"k\u00e4mpfen\" die R\u00f6mer schon lebensfreudig um Ihren Espresso und ein Cornetto Kipferl im kleinen Caf\u00e9 an der Ecke...  Mit Sicherheit kann man nirgends einen Espresso so genie\u00dfen wie in Rom! Ob vor Ort in Italien, bei Ihnen zuhause, im B\u00fcro oder als Geschenk f\u00fcr die Liebsten: mit unseren Espressol\u00f6ffeln bringen Sie ein wenig von dieser Magie, dieser Energie, dem wahren \"Dolce Vita\" mit!","og_url":"https:\/\/www.vertessi.com\/de\/produkt\/espresso-in-rome\/","og_site_name":"Vertessi - Edles Besteck & extravagante Gl\u00e4ser","article_modified_time":"2021-10-27T18:32:49+00:00","og_image":[{"width":2560,"height":2560,"url":"https:\/\/www.vertessi.com\/wp-content\/uploads\/2021\/02\/MoonLashes-Espresso-in-Rome-Set-2-\u00a9FarukPinjo-scaled.jpg","type":"image\/jpeg"}],"twitter_card":"summary_large_image","schema":{"@context":"https:\/\/schema.org","@graph":[{"@type":"WebPage","@id":"https:\/\/www.vertessi.com\/de\/produkt\/espresso-in-rome\/","url":"https:\/\/www.vertessi.com\/de\/produkt\/espresso-in-rome\/","name":"Espresso in Rom - Vertessi - Edles Besteck & extravagante Gl\u00e4ser","isPartOf":{"@id":"https:\/\/www.vertessi.com\/en\/#website"},"primaryImageOfPage":{"@id":"https:\/\/www.vertessi.com\/de\/produkt\/espresso-in-rome\/#primaryimage"},"image":{"@id":"https:\/\/www.vertessi.com\/de\/produkt\/espresso-in-rome\/#primaryimage"},"thumbnailUrl":"https:\/\/www.vertessi.com\/wp-content\/uploads\/2021\/02\/MoonLashes-Espresso-in-Rome-Set-2-\u00a9FarukPinjo-scaled.jpg","datePublished":"2021-02-15T19:13:32+00:00","dateModified":"2021-10-27T18:32:49+00:00","breadcrumb":{"@id":"https:\/\/www.vertessi.com\/de\/produkt\/espresso-in-rome\/#breadcrumb"},"inLanguage":"de","potentialAction":[{"@type":"ReadAction","target":["https:\/\/www.vertessi.com\/de\/produkt\/espresso-in-rome\/"]}]},{"@type":"ImageObject","inLanguage":"de","@id":"https:\/\/www.vertessi.com\/de\/produkt\/espresso-in-rome\/#primaryimage","url":"https:\/\/www.vertessi.com\/wp-content\/uploads\/2021\/02\/MoonLashes-Espresso-in-Rome-Set-2-\u00a9FarukPinjo-scaled.jpg","contentUrl":"https:\/\/www.vertessi.com\/wp-content\/uploads\/2021\/02\/MoonLashes-Espresso-in-Rome-Set-2-\u00a9FarukPinjo-scaled.jpg","width":2560,"height":2560},{"@type":"BreadcrumbList","@id":"https:\/\/www.vertessi.com\/de\/produkt\/espresso-in-rome\/#breadcrumb","itemListElement":[{"@type":"ListItem","position":1,"name":"Startseite","item":"https:\/\/www.vertessi.com\/de\/"},{"@type":"ListItem","position":2,"name":"Espresso in Rom"}]},{"@type":"WebSite","@id":"https:\/\/www.vertessi.com\/en\/#website","url":"https:\/\/www.vertessi.com\/en\/","name":"Vertessi - Edles Besteck & extravagante Gl\u00e4ser","description":"","publisher":{"@id":"https:\/\/www.vertessi.com\/en\/#organization"},"potentialAction":[{"@type":"SearchAction","target":{"@type":"EntryPoint","urlTemplate":"https:\/\/www.vertessi.com\/en\/?s={search_term_string}"},"query-input":{"@type":"PropertyValueSpecification","valueRequired":true,"valueName":"search_term_string"}}],"inLanguage":"de"},{"@type":"Organization","@id":"https:\/\/www.vertessi.com\/en\/#organization","name":"Vertessi","url":"https:\/\/www.vertessi.com\/en\/","logo":{"@type":"ImageObject","inLanguage":"de","@id":"https:\/\/www.vertessi.com\/en\/#\/schema\/logo\/image\/","url":"https:\/\/www.vertessi.com\/wp-content\/uploads\/2018\/11\/verapure.png","contentUrl":"https:\/\/www.vertessi.com\/wp-content\/uploads\/2018\/11\/verapure.png","width":1000,"height":1000,"caption":"Vertessi"},"image":{"@id":"https:\/\/www.vertessi.com\/en\/#\/schema\/logo\/image\/"}}]}},"jetpack_sharing_enabled":true,"_links":{"self":[{"href":"https:\/\/www.vertessi.com\/de\/wp-json\/wp\/v2\/product\/6769","targetHints":{"allow":["GET"]}}],"collection":[{"href":"https:\/\/www.vertessi.com\/de\/wp-json\/wp\/v2\/product"}],"about":[{"href":"https:\/\/www.vertessi.com\/de\/wp-json\/wp\/v2\/types\/product"}],"wp:featuredmedia":[{"embeddable":true,"href":"https:\/\/www.vertessi.com\/de\/wp-json\/wp\/v2\/media\/7046"}],"wp:attachment":[{"href":"https:\/\/www.vertessi.com\/de\/wp-json\/wp\/v2\/media?parent=6769"}],"wp:term":[{"taxonomy":"product_brand","embeddable":true,"href":"https:\/\/www.vertessi.com\/de\/wp-json\/wp\/v2\/product_brand?post=6769"},{"taxonomy":"product_cat","embeddable":true,"href":"https:\/\/www.vertessi.com\/de\/wp-json\/wp\/v2\/product_cat?post=6769"},{"taxonomy":"product_tag","embeddable":true,"href":"https:\/\/www.vertessi.com\/de\/wp-json\/wp\/v2\/product_tag?post=6769"}],"curies":[{"name":"wp","href":"https:\/\/api.w.org\/{rel}","templated":true}]}}